{"id":429,"date":"2025-08-05T22:24:26","date_gmt":"2025-08-05T22:24:26","guid":{"rendered":"http:\/\/gaslatamhub.com\/offering\/"},"modified":"2026-01-07T23:08:37","modified_gmt":"2026-01-07T23:08:37","slug":"experiencia","status":"publish","type":"page","link":"https:\/\/gaslatamhub.com\/en\/experiencia\/","title":{"rendered":"Experience"},"content":{"rendered":"\t\t<div data-elementor-type=\"wp-page\" data-elementor-id=\"429\" class=\"elementor elementor-429\">\n\t\t\t\t<div class=\"elementor-element elementor-element-9b1d9b8 e-con-full e-flex e-con e-parent\" data-id=\"9b1d9b8\" data-element_type=\"container\" data-e-type=\"container\" data-settings=\"{&quot;background_background&quot;:&quot;slideshow&quot;,&quot;background_slideshow_gallery&quot;:[{&quot;id&quot;:854,&quot;url&quot;:&quot;http:\\\/\\\/gaslatamhub.com\\\/wp-content\\\/uploads\\\/2025\\\/08\\\/experiencia-header.png&quot;}],&quot;background_slideshow_slide_duration&quot;:5000,&quot;background_slideshow_slide_transition&quot;:&quot;fade&quot;,&quot;background_slideshow_transition_duration&quot;:500}\">\n\t\t\t\t<\/div>\n\t\t<div class=\"elementor-element elementor-element-cd16295 e-flex e-con-boxed e-con e-parent\" data-id=\"cd16295\" data-element_type=\"container\" data-e-type=\"container\">\n\t\t\t\t\t<div class=\"e-con-inner\">\n\t\t\t\t<div class=\"elementor-element elementor-element-e5e7043 elementor-widget elementor-widget-image\" data-id=\"e5e7043\" data-element_type=\"widget\" data-e-type=\"widget\" data-widget_type=\"image.default\">\n\t\t\t\t<div class=\"elementor-widget-container\">\n\t\t\t\t\t\t\t\t\t\t\t\t\t\t\t<img fetchpriority=\"high\" decoding=\"async\" width=\"1150\" height=\"150\" src=\"https:\/\/gaslatamhub.com\/wp-content\/uploads\/2025\/09\/WGH25-experiencia-titulo-01.png\" class=\"attachment-full size-full wp-image-1218\" alt=\"\" srcset=\"https:\/\/gaslatamhub.com\/wp-content\/uploads\/2025\/09\/WGH25-experiencia-titulo-01.png 1150w, https:\/\/gaslatamhub.com\/wp-content\/uploads\/2025\/09\/WGH25-experiencia-titulo-01-300x39.png 300w, https:\/\/gaslatamhub.com\/wp-content\/uploads\/2025\/09\/WGH25-experiencia-titulo-01-1024x134.png 1024w, https:\/\/gaslatamhub.com\/wp-content\/uploads\/2025\/09\/WGH25-experiencia-titulo-01-768x100.png 768w\" sizes=\"(max-width: 1150px) 100vw, 1150px\" \/>\t\t\t\t\t\t\t\t\t\t\t\t\t\t\t<\/div>\n\t\t\t\t<\/div>\n\t\t\t\t\t<\/div>\n\t\t\t\t<\/div>\n\t\t<div class=\"elementor-element elementor-element-248390b e-flex e-con-boxed e-con e-parent\" data-id=\"248390b\" data-element_type=\"container\" data-e-type=\"container\">\n\t\t\t\t\t<div class=\"e-con-inner\">\n\t\t\t\t<div class=\"elementor-element elementor-element-51f1dee elementor-widget elementor-widget-image\" data-id=\"51f1dee\" data-element_type=\"widget\" data-e-type=\"widget\" data-widget_type=\"image.default\">\n\t\t\t\t<div class=\"elementor-widget-container\">\n\t\t\t\t\t\t\t\t\t\t\t\t\t\t\t<img decoding=\"async\" width=\"768\" height=\"146\" src=\"https:\/\/gaslatamhub.com\/wp-content\/uploads\/2025\/08\/experiencia-foto-02-768x146.jpg\" class=\"attachment-medium_large size-medium_large wp-image-898\" alt=\"\" srcset=\"https:\/\/gaslatamhub.com\/wp-content\/uploads\/2025\/08\/experiencia-foto-02-768x146.jpg 768w, https:\/\/gaslatamhub.com\/wp-content\/uploads\/2025\/08\/experiencia-foto-02-300x57.jpg 300w, https:\/\/gaslatamhub.com\/wp-content\/uploads\/2025\/08\/experiencia-foto-02-1024x195.jpg 1024w, https:\/\/gaslatamhub.com\/wp-content\/uploads\/2025\/08\/experiencia-foto-02.jpg 1050w\" sizes=\"(max-width: 768px) 100vw, 768px\" \/>\t\t\t\t\t\t\t\t\t\t\t\t\t\t\t<\/div>\n\t\t\t\t<\/div>\n\t\t\t\t\t<\/div>\n\t\t\t\t<\/div>\n\t\t<div class=\"elementor-element elementor-element-0df61dd e-flex e-con-boxed e-con e-parent\" data-id=\"0df61dd\" data-element_type=\"container\" data-e-type=\"container\">\n\t\t\t\t\t<div class=\"e-con-inner\">\n\t\t\t\t<div class=\"elementor-element elementor-element-cef3d9c elementor-widget elementor-widget-text-editor\" data-id=\"cef3d9c\" data-element_type=\"widget\" data-e-type=\"widget\" data-widget_type=\"text-editor.default\">\n\t\t\t\t<div class=\"elementor-widget-container\">\n\t\t\t\t\t\t\t\t\t<p>Nuestra experiencia nace del trabajo real y constancia. Desde nuestros inicios como Centro de servicio hasta el desarrollo de m\u00faltiples unidades de negocio, siempre hemos mantenido una visi\u00f3n colaborativa, de innovaci\u00f3n y mejora continua.<\/p>\t\t\t\t\t\t\t\t<\/div>\n\t\t\t\t<\/div>\n\t\t\t\t\t<\/div>\n\t\t\t\t<\/div>\n\t\t<div class=\"elementor-element elementor-element-36e0bd4 e-flex e-con-boxed e-con e-parent\" data-id=\"36e0bd4\" data-element_type=\"container\" data-e-type=\"container\">\n\t\t\t\t\t<div class=\"e-con-inner\">\n\t\t\t\t<div class=\"elementor-element elementor-element-e29c66b elementor-widget elementor-widget-image\" data-id=\"e29c66b\" data-element_type=\"widget\" data-e-type=\"widget\" data-widget_type=\"image.default\">\n\t\t\t\t<div class=\"elementor-widget-container\">\n\t\t\t\t\t\t\t\t\t\t\t\t\t\t\t<img decoding=\"async\" width=\"768\" height=\"1203\" src=\"https:\/\/gaslatamhub.com\/wp-content\/uploads\/2025\/09\/experiencia-foto-01-768x1203.png\" class=\"attachment-medium_large size-medium_large wp-image-1083\" alt=\"\" srcset=\"https:\/\/gaslatamhub.com\/wp-content\/uploads\/2025\/09\/experiencia-foto-01-768x1203.png 768w, https:\/\/gaslatamhub.com\/wp-content\/uploads\/2025\/09\/experiencia-foto-01-191x300.png 191w, https:\/\/gaslatamhub.com\/wp-content\/uploads\/2025\/09\/experiencia-foto-01-654x1024.png 654w, https:\/\/gaslatamhub.com\/wp-content\/uploads\/2025\/09\/experiencia-foto-01-980x1536.png 980w, https:\/\/gaslatamhub.com\/wp-content\/uploads\/2025\/09\/experiencia-foto-01.png 1270w\" sizes=\"(max-width: 768px) 100vw, 768px\" \/>\t\t\t\t\t\t\t\t\t\t\t\t\t\t\t<\/div>\n\t\t\t\t<\/div>\n\t\t\t\t\t<\/div>\n\t\t\t\t<\/div>\n\t\t<div class=\"elementor-element elementor-element-747fe64 e-con-full e-flex e-con e-parent\" data-id=\"747fe64\" data-element_type=\"container\" data-e-type=\"container\">\n\t\t\t\t<div class=\"elementor-element elementor-element-2306705 elementor-widget elementor-widget-heading\" data-id=\"2306705\" data-element_type=\"widget\" data-e-type=\"widget\" data-widget_type=\"heading.default\">\n\t\t\t\t<div class=\"elementor-widget-container\">\n\t\t\t\t\t<h2 class=\"elementor-heading-title elementor-size-default\">\u2022 Reconocimientos Institucionales<\/h2>\t\t\t\t<\/div>\n\t\t\t\t<\/div>\n\t\t\t\t<\/div>\n\t\t<div class=\"elementor-element elementor-element-5952d92 e-flex e-con-boxed e-con e-parent\" data-id=\"5952d92\" data-element_type=\"container\" data-e-type=\"container\">\n\t\t\t\t\t<div class=\"e-con-inner\">\n\t\t\t\t<div class=\"elementor-element elementor-element-324a3a5 elementor-widget elementor-widget-text-editor\" data-id=\"324a3a5\" data-element_type=\"widget\" data-e-type=\"widget\" data-widget_type=\"text-editor.default\">\n\t\t\t\t<div class=\"elementor-widget-container\">\n\t\t\t\t\t\t\t\t\t<p>Nuestra trayectoria y enfoque en la mejora continua han sido reconocidos por instituciones gubernamentales y organizaciones de ingenier\u00eda biom\u00e9dica:<\/p>\t\t\t\t\t\t\t\t<\/div>\n\t\t\t\t<\/div>\n\t\t\t\t\t<\/div>\n\t\t\t\t<\/div>\n\t\t<div class=\"elementor-element elementor-element-63f95e1 e-grid e-con-boxed e-con e-parent\" data-id=\"63f95e1\" data-element_type=\"container\" data-e-type=\"container\" data-settings=\"{&quot;background_background&quot;:&quot;slideshow&quot;,&quot;background_slideshow_gallery&quot;:[{&quot;id&quot;:1281,&quot;url&quot;:&quot;http:\\\/\\\/gaslatamhub.com\\\/wp-content\\\/uploads\\\/2025\\\/09\\\/WGH25-Premios-Gas.jpg&quot;}],&quot;background_slideshow_loop&quot;:&quot;yes&quot;,&quot;background_slideshow_slide_duration&quot;:5000,&quot;background_slideshow_slide_transition&quot;:&quot;fade&quot;,&quot;background_slideshow_transition_duration&quot;:500}\">\n\t\t\t\t\t<div class=\"e-con-inner\">\n\t\t\t\t<div class=\"elementor-element elementor-element-e652e2c elementor-widget elementor-widget-image\" data-id=\"e652e2c\" data-element_type=\"widget\" data-e-type=\"widget\" data-widget_type=\"image.default\">\n\t\t\t\t<div class=\"elementor-widget-container\">\n\t\t\t\t\t\t\t\t\t\t\t\t\t\t\t<img decoding=\"async\" src=\"https:\/\/gaslatamhub.com\/wp-content\/uploads\/elementor\/thumbs\/WGH25-foto-alianzas-01-raubmctbacp09tf5zukryqfol0eojb68y62ixwdb6y.jpg\" title=\"WGH25-foto-alianzas-01\" alt=\"WGH25-foto-alianzas-01\" loading=\"lazy\" \/>\t\t\t\t\t\t\t\t\t\t\t\t\t\t\t<\/div>\n\t\t\t\t<\/div>\n\t\t\t\t<div class=\"elementor-element elementor-element-040a3d0 elementor-widget elementor-widget-image\" data-id=\"040a3d0\" data-element_type=\"widget\" data-e-type=\"widget\" data-widget_type=\"image.default\">\n\t\t\t\t<div class=\"elementor-widget-container\">\n\t\t\t\t\t\t\t\t\t\t\t\t\t\t\t<img decoding=\"async\" src=\"https:\/\/gaslatamhub.com\/wp-content\/uploads\/elementor\/thumbs\/WGH25-foto-alianzas-02-raubmfmtuusv8nb2jdsno7q2d60s6ehfyk0zdq94oa.jpg\" title=\"WGH25-foto-alianzas-02\" alt=\"WGH25-foto-alianzas-02\" loading=\"lazy\" \/>\t\t\t\t\t\t\t\t\t\t\t\t\t\t\t<\/div>\n\t\t\t\t<\/div>\n\t\t\t\t\t<\/div>\n\t\t\t\t<\/div>\n\t\t<div class=\"elementor-element elementor-element-20f5d05 e-flex e-con-boxed e-con e-parent\" data-id=\"20f5d05\" data-element_type=\"container\" data-e-type=\"container\">\n\t\t\t\t\t<div class=\"e-con-inner\">\n\t\t\t\t<div class=\"elementor-element elementor-element-7d9ae23 elementor-widget elementor-widget-text-editor\" data-id=\"7d9ae23\" data-element_type=\"widget\" data-e-type=\"widget\" data-widget_type=\"text-editor.default\">\n\t\t\t\t<div class=\"elementor-widget-container\">\n\t\t\t\t\t\t\t\t\t<p>Estos reconocimientos respaldan el impacto positivo de nuestros procesos y servicios en entornos cl\u00ednicos reales e industria de salud; reforzando nuestra colaboraci\u00f3n como aliados estrat\u00e9gicos.<\/p>\t\t\t\t\t\t\t\t<\/div>\n\t\t\t\t<\/div>\n\t\t\t\t\t<\/div>\n\t\t\t\t<\/div>\n\t\t<div class=\"elementor-element elementor-element-e54479e e-flex e-con-boxed e-con e-parent\" data-id=\"e54479e\" data-element_type=\"container\" data-e-type=\"container\" data-settings=\"{&quot;background_background&quot;:&quot;classic&quot;}\">\n\t\t\t\t\t<div class=\"e-con-inner\">\n\t\t\t\t<div class=\"elementor-element elementor-element-582506f elementor-widget-divider--view-line elementor-widget elementor-widget-divider\" data-id=\"582506f\" data-element_type=\"widget\" data-e-type=\"widget\" data-widget_type=\"divider.default\">\n\t\t\t\t<div class=\"elementor-widget-container\">\n\t\t\t\t\t\t\t<div class=\"elementor-divider\">\n\t\t\t<span class=\"elementor-divider-separator\">\n\t\t\t\t\t\t<\/span>\n\t\t<\/div>\n\t\t\t\t\t\t<\/div>\n\t\t\t\t<\/div>\n\t\t\t\t\t<\/div>\n\t\t\t\t<\/div>\n\t\t<div class=\"elementor-element elementor-element-50123e8 e-flex e-con-boxed e-con e-parent\" data-id=\"50123e8\" data-element_type=\"container\" data-e-type=\"container\">\n\t\t\t\t\t<div class=\"e-con-inner\">\n\t\t\t\t<div class=\"elementor-element elementor-element-ed038be elementor-widget elementor-widget-heading\" data-id=\"ed038be\" data-element_type=\"widget\" data-e-type=\"widget\" data-widget_type=\"heading.default\">\n\t\t\t\t<div class=\"elementor-widget-container\">\n\t\t\t\t\t<h2 class=\"elementor-heading-title elementor-size-default\"><span style=\"color:#da7400\">\"<\/span>La calidad nunca es un accidente: es el resultado de decisiones conscientes,\nequipos comprometidos y estructuras que la hacen posible.<span style=\"color:#da7400\">\"<\/span><\/h2>\t\t\t\t<\/div>\n\t\t\t\t<\/div>\n\t\t\t\t\t<\/div>\n\t\t\t\t<\/div>\n\t\t<div class=\"elementor-element elementor-element-1f9898b e-flex e-con-boxed e-con e-parent\" data-id=\"1f9898b\" data-element_type=\"container\" data-e-type=\"container\" data-settings=\"{&quot;background_background&quot;:&quot;classic&quot;}\">\n\t\t\t\t\t<div class=\"e-con-inner\">\n\t\t\t\t<div class=\"elementor-element elementor-element-a375381 elementor-widget-divider--view-line elementor-widget elementor-widget-divider\" data-id=\"a375381\" data-element_type=\"widget\" data-e-type=\"widget\" data-widget_type=\"divider.default\">\n\t\t\t\t<div class=\"elementor-widget-container\">\n\t\t\t\t\t\t\t<div class=\"elementor-divider\">\n\t\t\t<span class=\"elementor-divider-separator\">\n\t\t\t\t\t\t<\/span>\n\t\t<\/div>\n\t\t\t\t\t\t<\/div>\n\t\t\t\t<\/div>\n\t\t\t\t\t<\/div>\n\t\t\t\t<\/div>\n\t\t<div class=\"elementor-element elementor-element-392f09f e-flex e-con-boxed e-con e-parent\" data-id=\"392f09f\" data-element_type=\"container\" data-e-type=\"container\">\n\t\t\t\t\t<div class=\"e-con-inner\">\n\t\t\t\t<div class=\"elementor-element elementor-element-a4d57b9 elementor-widget elementor-widget-text-editor\" data-id=\"a4d57b9\" data-element_type=\"widget\" data-e-type=\"widget\" data-widget_type=\"text-editor.default\">\n\t\t\t\t<div class=\"elementor-widget-container\">\n\t\t\t\t\t\t\t\t\t<p style=\"text-align: center;\">Descarga nuestro curriculum empresarial.<\/p>\t\t\t\t\t\t\t\t<\/div>\n\t\t\t\t<\/div>\n\t\t\t\t\t<\/div>\n\t\t\t\t<\/div>\n\t\t<div class=\"elementor-element elementor-element-81d528c e-flex e-con-boxed e-con e-parent\" data-id=\"81d528c\" data-element_type=\"container\" data-e-type=\"container\">\n\t\t\t\t\t<div class=\"e-con-inner\">\n\t\t\t\t<div class=\"elementor-element elementor-element-feec282 elementor-align-center elementor-widget elementor-widget-button\" data-id=\"feec282\" data-element_type=\"widget\" data-e-type=\"widget\" data-widget_type=\"button.default\">\n\t\t\t\t<div class=\"elementor-widget-container\">\n\t\t\t\t\t\t\t\t\t<div class=\"elementor-button-wrapper\">\n\t\t\t\t\t<a class=\"elementor-button elementor-button-link elementor-size-sm\" href=\"http:\/\/gaslatamhub.com\/wp-content\/uploads\/2025\/10\/CV-GAS-LATAM-HUB-v_Esp_2025.pdf\" target=\"_blank\">\n\t\t\t\t\t\t<span class=\"elementor-button-content-wrapper\">\n\t\t\t\t\t\t\t\t\t<span class=\"elementor-button-text\">Accede al documento<\/span>\n\t\t\t\t\t<\/span>\n\t\t\t\t\t<\/a>\n\t\t\t\t<\/div>\n\t\t\t\t\t\t\t\t<\/div>\n\t\t\t\t<\/div>\n\t\t\t\t\t<\/div>\n\t\t\t\t<\/div>\n\t\t\t\t<\/div>\n\t\t","protected":false},"excerpt":{"rendered":"<p>Nuestra experiencia nace del trabajo real y la constancia. Desde nuestros inicios como centro de servicio hasta el desarrollo de [&hellip;]<\/p>\n","protected":false},"author":1,"featured_media":0,"parent":0,"menu_order":3,"comment_status":"closed","ping_status":"closed","template":"","meta":{"site-sidebar-layout":"no-sidebar","site-content-layout":"","ast-site-content-layout":"full-width-container","site-content-style":"default","site-sidebar-style":"default","ast-global-header-display":"","ast-banner-title-visibility":"","ast-main-header-display":"","ast-hfb-above-header-display":"","ast-hfb-below-header-display":"","ast-hfb-mobile-header-display":"","site-post-title":"disabled","ast-breadcrumbs-content":"","ast-featured-img":"disabled","footer-sml-layout":"","ast-disable-related-posts":"","theme-transparent-header-meta":"disabled","adv-header-id-meta":"","stick-header-meta":"","header-above-stick-meta":"","header-main-stick-meta":"","header-below-stick-meta":"","astra-migrate-meta-layouts":"default","ast-page-background-enabled":"default","ast-page-background-meta":{"desktop":{"background-color":"var(--ast-global-color-4)","background-image":"","background-repeat":"repeat","background-position":"center center","background-size":"auto","background-attachment":"scroll","background-type":"","background-media":"","overlay-type":"","overlay-color":"","overlay-opacity":"","overlay-gradient":""},"tablet":{"background-color":"","background-image":"","background-repeat":"repeat","background-position":"center center","background-size":"auto","background-attachment":"scroll","background-type":"","background-media":"","overlay-type":"","overlay-color":"","overlay-opacity":"","overlay-gradient":""},"mobile":{"background-color":"","background-image":"","background-repeat":"repeat","background-position":"center center","background-size":"auto","background-attachment":"scroll","background-type":"","background-media":"","overlay-type":"","overlay-color":"","overlay-opacity":"","overlay-gradient":""}},"ast-content-background-meta":{"desktop":{"background-color":"var(--ast-global-color-5)","background-image":"","background-repeat":"repeat","background-position":"center center","background-size":"auto","background-attachment":"scroll","background-type":"","background-media":"","overlay-type":"","overlay-color":"","overlay-opacity":"","overlay-gradient":""},"tablet":{"background-color":"var(--ast-global-color-5)","background-image":"","background-repeat":"repeat","background-position":"center center","background-size":"auto","background-attachment":"scroll","background-type":"","background-media":"","overlay-type":"","overlay-color":"","overlay-opacity":"","overlay-gradient":""},"mobile":{"background-color":"var(--ast-global-color-5)","background-image":"","background-repeat":"repeat","background-position":"center center","background-size":"auto","background-attachment":"scroll","background-type":"","background-media":"","overlay-type":"","overlay-color":"","overlay-opacity":"","overlay-gradient":""}},"footnotes":""},"class_list":["post-429","page","type-page","status-publish","hentry"],"yoast_head":"<!-- This site is optimized with the Yoast SEO plugin v27.6 - https:\/\/yoast.com\/product\/yoast-seo-wordpress\/ -->\n<title>Experiencia |<\/title>\n<meta name=\"description\" content=\"Somos un proyecto de ingenier\u00eda biom\u00e9dica que integra experiencia, innovaci\u00f3n y responsabilidad para garantizar que el aseguramiento de calidad en tecnolog\u00edas biom\u00e9dicas sea una realidad en toda la regi\u00f3n.\" \/>\n<meta name=\"robots\" content=\"index, follow, max-snippet:-1, max-image-preview:large, max-video-preview:-1\" \/>\n<link rel=\"canonical\" href=\"https:\/\/gaslatamhub.com\/en\/experiencia\/\" \/>\n<meta property=\"og:locale\" content=\"en_US\" \/>\n<meta property=\"og:type\" content=\"article\" \/>\n<meta property=\"og:title\" content=\"Experiencia |\" \/>\n<meta property=\"og:description\" content=\"Somos un proyecto de ingenier\u00eda biom\u00e9dica que integra experiencia, innovaci\u00f3n y responsabilidad para garantizar que el aseguramiento de calidad en tecnolog\u00edas biom\u00e9dicas sea una realidad en toda la regi\u00f3n.\" \/>\n<meta property=\"og:url\" content=\"https:\/\/gaslatamhub.com\/en\/experiencia\/\" \/>\n<meta property=\"article:publisher\" content=\"https:\/\/www.facebook.com\/GasLatamhub\" \/>\n<meta property=\"article:modified_time\" content=\"2026-01-07T23:08:37+00:00\" \/>\n<meta property=\"og:image\" content=\"http:\/\/gaslatamhub.com\/wp-content\/uploads\/2025\/09\/WGH25-experiencia-titulo-01.png\" \/>\n<meta name=\"twitter:card\" content=\"summary_large_image\" \/>\n<meta name=\"twitter:label1\" content=\"Est. reading time\" \/>\n\t<meta name=\"twitter:data1\" content=\"2 minutes\" \/>\n<script type=\"application\/ld+json\" class=\"yoast-schema-graph\">{\"@context\":\"https:\\\/\\\/schema.org\",\"@graph\":[{\"@type\":\"WebPage\",\"@id\":\"https:\\\/\\\/gaslatamhub.com\\\/experiencia\\\/\",\"url\":\"https:\\\/\\\/gaslatamhub.com\\\/experiencia\\\/\",\"name\":\"Experiencia |\",\"isPartOf\":{\"@id\":\"https:\\\/\\\/gaslatamhub.com\\\/#website\"},\"primaryImageOfPage\":{\"@id\":\"https:\\\/\\\/gaslatamhub.com\\\/experiencia\\\/#primaryimage\"},\"image\":{\"@id\":\"https:\\\/\\\/gaslatamhub.com\\\/experiencia\\\/#primaryimage\"},\"thumbnailUrl\":\"http:\\\/\\\/gaslatamhub.com\\\/wp-content\\\/uploads\\\/2025\\\/09\\\/WGH25-experiencia-titulo-01.png\",\"datePublished\":\"2025-08-05T22:24:26+00:00\",\"dateModified\":\"2026-01-07T23:08:37+00:00\",\"description\":\"Somos un proyecto de ingenier\u00eda biom\u00e9dica que integra experiencia, innovaci\u00f3n y responsabilidad para garantizar que el aseguramiento de calidad en tecnolog\u00edas biom\u00e9dicas sea una realidad en toda la regi\u00f3n.\",\"breadcrumb\":{\"@id\":\"https:\\\/\\\/gaslatamhub.com\\\/experiencia\\\/#breadcrumb\"},\"inLanguage\":\"en-US\",\"potentialAction\":[{\"@type\":\"ReadAction\",\"target\":[\"https:\\\/\\\/gaslatamhub.com\\\/experiencia\\\/\"]}]},{\"@type\":\"ImageObject\",\"inLanguage\":\"en-US\",\"@id\":\"https:\\\/\\\/gaslatamhub.com\\\/experiencia\\\/#primaryimage\",\"url\":\"http:\\\/\\\/gaslatamhub.com\\\/wp-content\\\/uploads\\\/2025\\\/09\\\/WGH25-experiencia-titulo-01.png\",\"contentUrl\":\"http:\\\/\\\/gaslatamhub.com\\\/wp-content\\\/uploads\\\/2025\\\/09\\\/WGH25-experiencia-titulo-01.png\"},{\"@type\":\"BreadcrumbList\",\"@id\":\"https:\\\/\\\/gaslatamhub.com\\\/experiencia\\\/#breadcrumb\",\"itemListElement\":[{\"@type\":\"ListItem\",\"position\":1,\"name\":\"Inicio\",\"item\":\"https:\\\/\\\/gaslatamhub.com\\\/\"},{\"@type\":\"ListItem\",\"position\":2,\"name\":\"Experiencia\"}]},{\"@type\":\"WebSite\",\"@id\":\"https:\\\/\\\/gaslatamhub.com\\\/#website\",\"url\":\"https:\\\/\\\/gaslatamhub.com\\\/\",\"name\":\"GAS LATAM HUB\",\"description\":\"Innovaci&oacute;n y Soluciones en Ingenier&iacute;a y Metrolog&iacute;a Biom&eacute;dica\",\"publisher\":{\"@id\":\"https:\\\/\\\/gaslatamhub.com\\\/#organization\"},\"potentialAction\":[{\"@type\":\"SearchAction\",\"target\":{\"@type\":\"EntryPoint\",\"urlTemplate\":\"https:\\\/\\\/gaslatamhub.com\\\/?s={search_term_string}\"},\"query-input\":{\"@type\":\"PropertyValueSpecification\",\"valueRequired\":true,\"valueName\":\"search_term_string\"}}],\"inLanguage\":\"en-US\"},{\"@type\":\"Organization\",\"@id\":\"https:\\\/\\\/gaslatamhub.com\\\/#organization\",\"name\":\"GAS LATAM HUB\",\"alternateName\":\"GAS LATAM HUB\",\"url\":\"https:\\\/\\\/gaslatamhub.com\\\/\",\"logo\":{\"@type\":\"ImageObject\",\"inLanguage\":\"en-US\",\"@id\":\"https:\\\/\\\/gaslatamhub.com\\\/#\\\/schema\\\/logo\\\/image\\\/\",\"url\":\"https:\\\/\\\/gaslatamhub.com\\\/wp-content\\\/uploads\\\/2026\\\/01\\\/GAS-latam-Hub-foto-perfil-redes.jpg\",\"contentUrl\":\"https:\\\/\\\/gaslatamhub.com\\\/wp-content\\\/uploads\\\/2026\\\/01\\\/GAS-latam-Hub-foto-perfil-redes.jpg\",\"width\":500,\"height\":500,\"caption\":\"GAS LATAM HUB\"},\"image\":{\"@id\":\"https:\\\/\\\/gaslatamhub.com\\\/#\\\/schema\\\/logo\\\/image\\\/\"},\"sameAs\":[\"https:\\\/\\\/www.facebook.com\\\/GasLatamhub\",\"https:\\\/\\\/linkedin.com\\\/company\\\/gaslatamhub\\\/\",\"https:\\\/\\\/www.instagram.com\\\/gaslatamhub\",\"https:\\\/\\\/www.youtube.com\\\/@GaslatamHub\"]}]}<\/script>\n<!-- \/ Yoast SEO plugin. -->","yoast_head_json":{"title":"Experiencia |","description":"Somos un proyecto de ingenier\u00eda biom\u00e9dica que integra experiencia, innovaci\u00f3n y responsabilidad para garantizar que el aseguramiento de calidad en tecnolog\u00edas biom\u00e9dicas sea una realidad en toda la regi\u00f3n.","robots":{"index":"index","follow":"follow","max-snippet":"max-snippet:-1","max-image-preview":"max-image-preview:large","max-video-preview":"max-video-preview:-1"},"canonical":"https:\/\/gaslatamhub.com\/en\/experiencia\/","og_locale":"en_US","og_type":"article","og_title":"Experiencia |","og_description":"Somos un proyecto de ingenier\u00eda biom\u00e9dica que integra experiencia, innovaci\u00f3n y responsabilidad para garantizar que el aseguramiento de calidad en tecnolog\u00edas biom\u00e9dicas sea una realidad en toda la regi\u00f3n.","og_url":"https:\/\/gaslatamhub.com\/en\/experiencia\/","article_publisher":"https:\/\/www.facebook.com\/GasLatamhub","article_modified_time":"2026-01-07T23:08:37+00:00","og_image":[{"url":"http:\/\/gaslatamhub.com\/wp-content\/uploads\/2025\/09\/WGH25-experiencia-titulo-01.png","type":"","width":"","height":""}],"twitter_card":"summary_large_image","twitter_misc":{"Est. reading time":"2 minutes"},"schema":{"@context":"https:\/\/schema.org","@graph":[{"@type":"WebPage","@id":"https:\/\/gaslatamhub.com\/experiencia\/","url":"https:\/\/gaslatamhub.com\/experiencia\/","name":"Experiencia |","isPartOf":{"@id":"https:\/\/gaslatamhub.com\/#website"},"primaryImageOfPage":{"@id":"https:\/\/gaslatamhub.com\/experiencia\/#primaryimage"},"image":{"@id":"https:\/\/gaslatamhub.com\/experiencia\/#primaryimage"},"thumbnailUrl":"http:\/\/gaslatamhub.com\/wp-content\/uploads\/2025\/09\/WGH25-experiencia-titulo-01.png","datePublished":"2025-08-05T22:24:26+00:00","dateModified":"2026-01-07T23:08:37+00:00","description":"Somos un proyecto de ingenier\u00eda biom\u00e9dica que integra experiencia, innovaci\u00f3n y responsabilidad para garantizar que el aseguramiento de calidad en tecnolog\u00edas biom\u00e9dicas sea una realidad en toda la regi\u00f3n.","breadcrumb":{"@id":"https:\/\/gaslatamhub.com\/experiencia\/#breadcrumb"},"inLanguage":"en-US","potentialAction":[{"@type":"ReadAction","target":["https:\/\/gaslatamhub.com\/experiencia\/"]}]},{"@type":"ImageObject","inLanguage":"en-US","@id":"https:\/\/gaslatamhub.com\/experiencia\/#primaryimage","url":"http:\/\/gaslatamhub.com\/wp-content\/uploads\/2025\/09\/WGH25-experiencia-titulo-01.png","contentUrl":"http:\/\/gaslatamhub.com\/wp-content\/uploads\/2025\/09\/WGH25-experiencia-titulo-01.png"},{"@type":"BreadcrumbList","@id":"https:\/\/gaslatamhub.com\/experiencia\/#breadcrumb","itemListElement":[{"@type":"ListItem","position":1,"name":"Inicio","item":"https:\/\/gaslatamhub.com\/"},{"@type":"ListItem","position":2,"name":"Experiencia"}]},{"@type":"WebSite","@id":"https:\/\/gaslatamhub.com\/#website","url":"https:\/\/gaslatamhub.com\/","name":"GAS LATAM HUB","description":"Innovaci&oacute;n y Soluciones en Ingenier&iacute;a y Metrolog&iacute;a Biom&eacute;dica","publisher":{"@id":"https:\/\/gaslatamhub.com\/#organization"},"potentialAction":[{"@type":"SearchAction","target":{"@type":"EntryPoint","urlTemplate":"https:\/\/gaslatamhub.com\/?s={search_term_string}"},"query-input":{"@type":"PropertyValueSpecification","valueRequired":true,"valueName":"search_term_string"}}],"inLanguage":"en-US"},{"@type":"Organization","@id":"https:\/\/gaslatamhub.com\/#organization","name":"GAS LATAM HUB","alternateName":"GAS LATAM HUB","url":"https:\/\/gaslatamhub.com\/","logo":{"@type":"ImageObject","inLanguage":"en-US","@id":"https:\/\/gaslatamhub.com\/#\/schema\/logo\/image\/","url":"https:\/\/gaslatamhub.com\/wp-content\/uploads\/2026\/01\/GAS-latam-Hub-foto-perfil-redes.jpg","contentUrl":"https:\/\/gaslatamhub.com\/wp-content\/uploads\/2026\/01\/GAS-latam-Hub-foto-perfil-redes.jpg","width":500,"height":500,"caption":"GAS LATAM HUB"},"image":{"@id":"https:\/\/gaslatamhub.com\/#\/schema\/logo\/image\/"},"sameAs":["https:\/\/www.facebook.com\/GasLatamhub","https:\/\/linkedin.com\/company\/gaslatamhub\/","https:\/\/www.instagram.com\/gaslatamhub","https:\/\/www.youtube.com\/@GaslatamHub"]}]}},"_links":{"self":[{"href":"https:\/\/gaslatamhub.com\/en\/wp-json\/wp\/v2\/pages\/429","targetHints":{"allow":["GET"]}}],"collection":[{"href":"https:\/\/gaslatamhub.com\/en\/wp-json\/wp\/v2\/pages"}],"about":[{"href":"https:\/\/gaslatamhub.com\/en\/wp-json\/wp\/v2\/types\/page"}],"author":[{"embeddable":true,"href":"https:\/\/gaslatamhub.com\/en\/wp-json\/wp\/v2\/users\/1"}],"replies":[{"embeddable":true,"href":"https:\/\/gaslatamhub.com\/en\/wp-json\/wp\/v2\/comments?post=429"}],"version-history":[{"count":153,"href":"https:\/\/gaslatamhub.com\/en\/wp-json\/wp\/v2\/pages\/429\/revisions"}],"predecessor-version":[{"id":1795,"href":"https:\/\/gaslatamhub.com\/en\/wp-json\/wp\/v2\/pages\/429\/revisions\/1795"}],"wp:attachment":[{"href":"https:\/\/gaslatamhub.com\/en\/wp-json\/wp\/v2\/media?parent=429"}],"curies":[{"name":"wp","href":"https:\/\/api.w.org\/{rel}","templated":true}]}}